{"id":990103492,"date":"2019-04-26T14:11:12","date_gmt":"2019-04-26T13:11:12","guid":{"rendered":"https:\/\/www.ptrf.si\/podbrdo\/"},"modified":"2023-03-20T08:52:12","modified_gmt":"2023-03-20T07:52:12","slug":"podbrdo","status":"publish","type":"page","link":"https:\/\/www.ptrf.si\/en\/podbrdo\/","title":{"rendered":"Podbrdo"},"content":{"rendered":"<p>{&#8220;main-title&#8221;:{&#8220;component&#8221;:&#8221;hc_title&#8221;,&#8221;id&#8221;:&#8221;main-title&#8221;,&#8221;title&#8221;:&#8221;&#8221;,&#8221;subtitle&#8221;:&#8221;Podbrdo is an urbanized village in the narrow bottom of the upper Ba\u0161ka Grapa&#8221;,&#8221;title_content&#8221;:{&#8220;component&#8221;:&#8221;hc_title_image&#8221;,&#8221;id&#8221;:&#8221;title-image&#8221;,&#8221;image&#8221;:&#8221;https:\/\/www.ptrf.si\/wp-content\/uploads\/2023\/01\/podbrdo_hero-1024&#215;768.jpeg|1536|2048|990102229&#8243;,&#8221;full_screen&#8221;:false,&#8221;full_screen_height&#8221;:&#8221;&#8221;,&#8221;parallax&#8221;:false,&#8221;bleed&#8221;:&#8221;&#8221;,&#8221;ken_burn&#8221;:&#8221;ken-burn-center&#8221;,&#8221;breadcrumbs&#8221;:false,&#8221;light&#8221;:true,&#8221;alignment&#8221;:&#8221;&#8221;}},&#8221;section_5ZtkF&#8221;:{&#8220;component&#8221;:&#8221;hc_section&#8221;,&#8221;id&#8221;:&#8221;section_5ZtkF&#8221;,&#8221;section_width&#8221;:&#8221;&#8221;,&#8221;animation&#8221;:&#8221;&#8221;,&#8221;animation_time&#8221;:&#8221;&#8221;,&#8221;timeline_animation&#8221;:&#8221;&#8221;,&#8221;timeline_delay&#8221;:&#8221;&#8221;,&#8221;timeline_order&#8221;:&#8221;&#8221;,&#8221;vertical_row&#8221;:&#8221;&#8221;,&#8221;css_classes&#8221;:&#8221;&#8221;,&#8221;custom_css_classes&#8221;:&#8221;&#8221;,&#8221;custom_css_styles&#8221;:&#8221;&#8221;,&#8221;section_content&#8221;:[{&#8220;component&#8221;:&#8221;hc_column&#8221;,&#8221;id&#8221;:&#8221;column_BZcF6&#8243;,&#8221;column_width&#8221;:&#8221;col-md-6&#8243;,&#8221;animation&#8221;:&#8221;&#8221;,&#8221;animation_time&#8221;:&#8221;&#8221;,&#8221;timeline_animation&#8221;:&#8221;&#8221;,&#8221;timeline_delay&#8221;:&#8221;&#8221;,&#8221;timeline_order&#8221;:&#8221;&#8221;,&#8221;css_classes&#8221;:&#8221;&#8221;,&#8221;custom_css_classes&#8221;:&#8221;&#8221;,&#8221;custom_css_styles&#8221;:&#8221;&#8221;,&#8221;main_content&#8221;:[{&#8220;component&#8221;:&#8221;hc_text_block&#8221;,&#8221;id&#8221;:&#8221;cmrOC&#8221;,&#8221;css_classes&#8221;:&#8221;&#8221;,&#8221;custom_css_classes&#8221;:&#8221;&#8221;,&#8221;custom_css_styles&#8221;:&#8221;&#8221;,&#8221;content&#8221;:&#8221;Podbrdo is an urbanized village in the narrow bottom of the upper Ba\u0161ka Grapa, next to the Jesenice &#8211; Nova Gorica railway line and the road from Bohinjska Bistrica or \u017delezniki via Petrovi Brdo to Most na So\u010da in the municipality of Tolmin. It has 759 inhabitants. It lies at the confluence of the stream Batava and Ma\u010dji potok and Mle\u010dni potok with Ba\u010da river, located below Petrovo Brdo, once a very important pass between Poso\u010dje and Posavije. The Ba\u010da woolen factory was very important in Podbrdo, we also have an elementary school, an bar and several shops. It is a starting point for visiting the natural heritage in the wider area: the gorges and waterfalls of Ma\u010dji potok (Kocenpoh, Ruscev slap na Batava, Jerempoh), geomorphological phenomena and habitats of endemic, rare and protected plants on \u010crna prst (1844 m) and Porezen (1630 m).\\n\\nAmong the cultural and historical monuments, the most important one is the baroque parish church of St. Nicholas, several houses from the 19th century, monument to victims of the construction of the Bohinj tunnel and monument of the Second World War.\\n\\nThe village was established in the 16th century in the area of the Tyrolean colonization (Richtaria Nem\u0161ki Rut) in the 13th century as the hamlet of village Ba\u010da, mentioned in the urban register from 1377 under the name Binchinuel.\\n\\nThe Church of St. Nicholas is mentioned in 1588, since 1848 it has been the seat of the parish. From 1767, there was a customs house and an office for collecting the wine tax (tax). The road connection with Tolmin has existed since 1892, previously only a freight route led through Podbrda through the Ba\u010da valley and over Vrh Ba\u010de (1281 m) to Bohinj; the so-called Bohinj rail line was built in 1906.\\n\\nFrom 1918 to 1943, Podbrdo was Italian, as a town next to the border with a large army and police force, it was under great pressure of Italianization. The population participated in various forms of resistance. As in most of the settlements of the Tyrolean colonization, mainly German names are prevalent here, and the population settled down in the 18th century.\\n\\nPodbrdo got its current appearance with the construction of the Woolen Factory Ba\u010da after World War II. world war, in which the majority of the population was employed. The closure of the factory in 2002 hit the place very hard. Today, most people travel to work to Bohinjska Bistrica, Jesenice, Tolmin or even in the distant Cerkno. (Source: Primary School Podbrdo).&#8221;}]},{&#8220;component&#8221;:&#8221;hc_column&#8221;,&#8221;id&#8221;:&#8221;column_ov3pc&#8221;,&#8221;column_width&#8221;:&#8221;col-md-6&#8243;,&#8221;animation&#8221;:&#8221;&#8221;,&#8221;animation_time&#8221;:&#8221;&#8221;,&#8221;timeline_animation&#8221;:&#8221;&#8221;,&#8221;timeline_delay&#8221;:&#8221;&#8221;,&#8221;timeline_order&#8221;:&#8221;&#8221;,&#8221;css_classes&#8221;:&#8221;no-margin-md &#8220;,&#8221;custom_css_classes&#8221;:&#8221;&#8221;,&#8221;custom_css_styles&#8221;:&#8221;&#8221;,&#8221;main_content&#8221;:[{&#8220;component&#8221;:&#8221;hc_image&#8221;,&#8221;id&#8221;:&#8221;KmOBK&#8221;,&#8221;css_classes&#8221;:&#8221;&#8221;,&#8221;custom_css_classes&#8221;:&#8221;&#8221;,&#8221;custom_css_styles&#8221;:&#8221;&#8221;,&#8221;image&#8221;:&#8221;https:\/\/www.ptrf.si\/wp-content\/uploads\/2023\/01\/podbrdo.png|589|482|990102235&#8243;,&#8221;alt&#8221;:&#8221;&#8221;,&#8221;thumb_size&#8221;:&#8221;full&#8221;}]}],&#8221;section_settings&#8221;:&#8221;&#8221;},&#8221;scripts&#8221;:{},&#8221;css&#8221;:{},&#8221;css_page&#8221;:&#8221;&#8221;,&#8221;template_setting&#8221;:{},&#8221;template_setting_top&#8221;:{},&#8221;page_setting&#8221;:{&#8220;settings&#8221;:[&#8220;lock-mode-off&#8221;]}}<\/p>\n","protected":false},"excerpt":{"rendered":"<p>{&#8220;main-title&#8221;:{&#8220;component&#8221;:&#8221;hc_title&#8221;,&#8221;id&#8221;:&#8221;main-title&#8221;,&#8221;title&#8221;:&#8221;&#8221;,&#8221;subtitle&#8221;:&#8221;Podbrdo is an urbanized village in the narrow bottom of the upper Ba\u0161ka Grapa&#8221;,&#8221;title_content&#8221;:{&#8220;component&#8221;:&#8221;hc_title_image&#8221;,&#8221;id&#8221;:&#8221;title-image&#8221;,&#8221;image&#8221;:&#8221;https:\/\/www.ptrf.si\/wp-content\/uploads\/2023\/01\/podbrdo_hero-1024&#215;768.jpeg|1536|2048|990102229&#8243;,&#8221;full_screen&#8221;:false,&#8221;full_screen_height&#8221;:&#8221;&#8221;,&#8221;parallax&#8221;:false,&#8221;bleed&#8221;:&#8221;&#8221;,&#8221;ken_burn&#8221;:&#8221;ken-burn-center&#8221;,&#8221;breadcrumbs&#8221;:false,&#8221;light&#8221;:true,&#8221;alignment&#8221;:&#8221;&#8221;}},&#8221;section_5ZtkF&#8221;:{&#8220;component&#8221;:&#8221;hc_section&#8221;,&#8221;id&#8221;:&#8221;section_5ZtkF&#8221;,&#8221;section_width&#8221;:&#8221;&#8221;,&#8221;animation&#8221;:&#8221;&#8221;,&#8221;animation_time&#8221;:&#8221;&#8221;,&#8221;timeline_animation&#8221;:&#8221;&#8221;,&#8221;timeline_delay&#8221;:&#8221;&#8221;,&#8221;timeline_order&#8221;:&#8221;&#8221;,&#8221;vertical_row&#8221;:&#8221;&#8221;,&#8221;css_classes&#8221;:&#8221;&#8221;,&#8221;custom_css_classes&#8221;:&#8221;&#8221;,&#8221;custom_css_styles&#8221;:&#8221;&#8221;,&#8221;section_content&#8221;:[{&#8220;component&#8221;:&#8221;hc_column&#8221;,&#8221;id&#8221;:&#8221;column_BZcF6&#8243;,&#8221;column_width&#8221;:&#8221;col-md-6&#8243;,&#8221;animation&#8221;:&#8221;&#8221;,&#8221;animation_time&#8221;:&#8221;&#8221;,&#8221;timeline_animation&#8221;:&#8221;&#8221;,&#8221;timeline_delay&#8221;:&#8221;&#8221;,&#8221;timeline_order&#8221;:&#8221;&#8221;,&#8221;css_classes&#8221;:&#8221;&#8221;,&#8221;custom_css_classes&#8221;:&#8221;&#8221;,&#8221;custom_css_styles&#8221;:&#8221;&#8221;,&#8221;main_content&#8221;:[{&#8220;component&#8221;:&#8221;hc_text_block&#8221;,&#8221;id&#8221;:&#8221;cmrOC&#8221;,&#8221;css_classes&#8221;:&#8221;&#8221;,&#8221;custom_css_classes&#8221;:&#8221;&#8221;,&#8221;custom_css_styles&#8221;:&#8221;&#8221;,&#8221;content&#8221;:&#8221;Podbrdo is an urbanized village in the narrow bottom of the upper Ba\u0161ka Grapa, next to the Jesenice &#8211; Nova Gorica railway line and the road from Bohinjska Bistrica or \u017delezniki via Petrovi Brdo to Most na So\u010da in the municipality of [&hellip;]<\/p>\n","protected":false},"author":1,"featured_media":0,"parent":0,"menu_order":0,"comment_status":"closed","ping_status":"closed","template":"","meta":{"footnotes":""},"class_list":["post-990103492","page","type-page","status-publish","hentry"],"yoast_head":"<!-- This site is optimized with the Yoast SEO plugin v27.2 - https:\/\/yoast.com\/product\/yoast-seo-wordpress\/ -->\n<title>Podbrdo - Podbrdo Trail Running Festival<\/title>\n<meta name=\"robots\" content=\"index, follow, max-snippet:-1, max-image-preview:large, max-video-preview:-1\" \/>\n<link rel=\"canonical\" href=\"https:\/\/www.ptrf.si\/en\/podbrdo\/\" \/>\n<meta property=\"og:locale\" content=\"en_US\" \/>\n<meta property=\"og:type\" content=\"article\" \/>\n<meta property=\"og:title\" content=\"Podbrdo - Podbrdo Trail Running Festival\" \/>\n<meta property=\"og:description\" content=\"{&#8220;main-title&#8221;:{&#8220;component&#8221;:&#8221;hc_title&#8221;,&#8221;id&#8221;:&#8221;main-title&#8221;,&#8221;title&#8221;:&#8221;&#8221;,&#8221;subtitle&#8221;:&#8221;Podbrdo is an urbanized village in the narrow bottom of the upper Ba\u0161ka Grapa&#8221;,&#8221;title_content&#8221;:{&#8220;component&#8221;:&#8221;hc_title_image&#8221;,&#8221;id&#8221;:&#8221;title-image&#8221;,&#8221;image&#8221;:&#8221;https:\/\/www.ptrf.si\/wp-content\/uploads\/2023\/01\/podbrdo_hero-1024&#215;768.jpeg|1536|2048|990102229&#8243;,&#8221;full_screen&#8221;:false,&#8221;full_screen_height&#8221;:&#8221;&#8221;,&#8221;parallax&#8221;:false,&#8221;bleed&#8221;:&#8221;&#8221;,&#8221;ken_burn&#8221;:&#8221;ken-burn-center&#8221;,&#8221;breadcrumbs&#8221;:false,&#8221;light&#8221;:true,&#8221;alignment&#8221;:&#8221;&#8221;}},&#8221;section_5ZtkF&#8221;:{&#8220;component&#8221;:&#8221;hc_section&#8221;,&#8221;id&#8221;:&#8221;section_5ZtkF&#8221;,&#8221;section_width&#8221;:&#8221;&#8221;,&#8221;animation&#8221;:&#8221;&#8221;,&#8221;animation_time&#8221;:&#8221;&#8221;,&#8221;timeline_animation&#8221;:&#8221;&#8221;,&#8221;timeline_delay&#8221;:&#8221;&#8221;,&#8221;timeline_order&#8221;:&#8221;&#8221;,&#8221;vertical_row&#8221;:&#8221;&#8221;,&#8221;css_classes&#8221;:&#8221;&#8221;,&#8221;custom_css_classes&#8221;:&#8221;&#8221;,&#8221;custom_css_styles&#8221;:&#8221;&#8221;,&#8221;section_content&#8221;:[{&#8220;component&#8221;:&#8221;hc_column&#8221;,&#8221;id&#8221;:&#8221;column_BZcF6&#8243;,&#8221;column_width&#8221;:&#8221;col-md-6&#8243;,&#8221;animation&#8221;:&#8221;&#8221;,&#8221;animation_time&#8221;:&#8221;&#8221;,&#8221;timeline_animation&#8221;:&#8221;&#8221;,&#8221;timeline_delay&#8221;:&#8221;&#8221;,&#8221;timeline_order&#8221;:&#8221;&#8221;,&#8221;css_classes&#8221;:&#8221;&#8221;,&#8221;custom_css_classes&#8221;:&#8221;&#8221;,&#8221;custom_css_styles&#8221;:&#8221;&#8221;,&#8221;main_content&#8221;:[{&#8220;component&#8221;:&#8221;hc_text_block&#8221;,&#8221;id&#8221;:&#8221;cmrOC&#8221;,&#8221;css_classes&#8221;:&#8221;&#8221;,&#8221;custom_css_classes&#8221;:&#8221;&#8221;,&#8221;custom_css_styles&#8221;:&#8221;&#8221;,&#8221;content&#8221;:&#8221;Podbrdo is an urbanized village in the narrow bottom of the upper Ba\u0161ka Grapa, next to the Jesenice &#8211; Nova Gorica railway line and the road from Bohinjska Bistrica or \u017delezniki via Petrovi Brdo to Most na So\u010da in the municipality of [&hellip;]\" \/>\n<meta property=\"og:url\" content=\"https:\/\/www.ptrf.si\/en\/podbrdo\/\" \/>\n<meta property=\"og:site_name\" content=\"Podbrdo Trail Running Festival\" \/>\n<meta property=\"article:publisher\" content=\"https:\/\/www.facebook.com\/PodbrdoTrail\" \/>\n<meta property=\"article:modified_time\" content=\"2023-03-20T07:52:12+00:00\" \/>\n<meta property=\"og:image\" content=\"https:\/\/www.ptrf.si\/wp-content\/uploads\/2024\/01\/WWW_naslovna_1200x675-1.png\" \/>\n\t<meta property=\"og:image:width\" content=\"1200\" \/>\n\t<meta property=\"og:image:height\" content=\"675\" \/>\n\t<meta property=\"og:image:type\" content=\"image\/png\" \/>\n<meta name=\"twitter:card\" content=\"summary_large_image\" \/>\n<meta name=\"twitter:label1\" content=\"Est. reading time\" \/>\n\t<meta name=\"twitter:data1\" content=\"3 minutes\" \/>\n<script type=\"application\/ld+json\" class=\"yoast-schema-graph\">{\"@context\":\"https:\/\/schema.org\",\"@graph\":[{\"@type\":\"WebPage\",\"@id\":\"https:\/\/www.ptrf.si\/en\/podbrdo\/\",\"url\":\"https:\/\/www.ptrf.si\/en\/podbrdo\/\",\"name\":\"Podbrdo - Podbrdo Trail Running Festival\",\"isPartOf\":{\"@id\":\"https:\/\/www.ptrf.si\/en\/#website\"},\"datePublished\":\"2019-04-26T13:11:12+00:00\",\"dateModified\":\"2023-03-20T07:52:12+00:00\",\"breadcrumb\":{\"@id\":\"https:\/\/www.ptrf.si\/en\/podbrdo\/#breadcrumb\"},\"inLanguage\":\"en-US\",\"potentialAction\":[{\"@type\":\"ReadAction\",\"target\":[\"https:\/\/www.ptrf.si\/en\/podbrdo\/\"]}]},{\"@type\":\"BreadcrumbList\",\"@id\":\"https:\/\/www.ptrf.si\/en\/podbrdo\/#breadcrumb\",\"itemListElement\":[{\"@type\":\"ListItem\",\"position\":1,\"name\":\"Domov\",\"item\":\"https:\/\/www.ptrf.si\/en\/\"},{\"@type\":\"ListItem\",\"position\":2,\"name\":\"Podbrdo\"}]},{\"@type\":\"WebSite\",\"@id\":\"https:\/\/www.ptrf.si\/en\/#website\",\"url\":\"https:\/\/www.ptrf.si\/en\/\",\"name\":\"Podbrdo Trail Running Festival\",\"description\":\"Podbrdo - Slovenija\",\"publisher\":{\"@id\":\"https:\/\/www.ptrf.si\/en\/#organization\"},\"alternateName\":\"PTRF\",\"potentialAction\":[{\"@type\":\"SearchAction\",\"target\":{\"@type\":\"EntryPoint\",\"urlTemplate\":\"https:\/\/www.ptrf.si\/en\/?s={search_term_string}\"},\"query-input\":{\"@type\":\"PropertyValueSpecification\",\"valueRequired\":true,\"valueName\":\"search_term_string\"}}],\"inLanguage\":\"en-US\"},{\"@type\":\"Organization\",\"@id\":\"https:\/\/www.ptrf.si\/en\/#organization\",\"name\":\"Podbrdo Trail Running Festival\",\"alternateName\":\"PTRF\",\"url\":\"https:\/\/www.ptrf.si\/en\/\",\"logo\":{\"@type\":\"ImageObject\",\"inLanguage\":\"en-US\",\"@id\":\"https:\/\/www.ptrf.si\/en\/#\/schema\/logo\/image\/\",\"url\":\"https:\/\/www.ptrf.si\/wp-content\/uploads\/2023\/01\/front_nagovor.jpg\",\"contentUrl\":\"https:\/\/www.ptrf.si\/wp-content\/uploads\/2023\/01\/front_nagovor.jpg\",\"width\":1600,\"height\":1380,\"caption\":\"Podbrdo Trail Running Festival\"},\"image\":{\"@id\":\"https:\/\/www.ptrf.si\/en\/#\/schema\/logo\/image\/\"},\"sameAs\":[\"https:\/\/www.facebook.com\/PodbrdoTrail\",\"https:\/\/www.instagram.com\/podbrdotrail\/?hl=en\"]}]}<\/script>\n<!-- \/ Yoast SEO plugin. -->","yoast_head_json":{"title":"Podbrdo - Podbrdo Trail Running Festival","robots":{"index":"index","follow":"follow","max-snippet":"max-snippet:-1","max-image-preview":"max-image-preview:large","max-video-preview":"max-video-preview:-1"},"canonical":"https:\/\/www.ptrf.si\/en\/podbrdo\/","og_locale":"en_US","og_type":"article","og_title":"Podbrdo - Podbrdo Trail Running Festival","og_description":"{&#8220;main-title&#8221;:{&#8220;component&#8221;:&#8221;hc_title&#8221;,&#8221;id&#8221;:&#8221;main-title&#8221;,&#8221;title&#8221;:&#8221;&#8221;,&#8221;subtitle&#8221;:&#8221;Podbrdo is an urbanized village in the narrow bottom of the upper Ba\u0161ka Grapa&#8221;,&#8221;title_content&#8221;:{&#8220;component&#8221;:&#8221;hc_title_image&#8221;,&#8221;id&#8221;:&#8221;title-image&#8221;,&#8221;image&#8221;:&#8221;https:\/\/www.ptrf.si\/wp-content\/uploads\/2023\/01\/podbrdo_hero-1024&#215;768.jpeg|1536|2048|990102229&#8243;,&#8221;full_screen&#8221;:false,&#8221;full_screen_height&#8221;:&#8221;&#8221;,&#8221;parallax&#8221;:false,&#8221;bleed&#8221;:&#8221;&#8221;,&#8221;ken_burn&#8221;:&#8221;ken-burn-center&#8221;,&#8221;breadcrumbs&#8221;:false,&#8221;light&#8221;:true,&#8221;alignment&#8221;:&#8221;&#8221;}},&#8221;section_5ZtkF&#8221;:{&#8220;component&#8221;:&#8221;hc_section&#8221;,&#8221;id&#8221;:&#8221;section_5ZtkF&#8221;,&#8221;section_width&#8221;:&#8221;&#8221;,&#8221;animation&#8221;:&#8221;&#8221;,&#8221;animation_time&#8221;:&#8221;&#8221;,&#8221;timeline_animation&#8221;:&#8221;&#8221;,&#8221;timeline_delay&#8221;:&#8221;&#8221;,&#8221;timeline_order&#8221;:&#8221;&#8221;,&#8221;vertical_row&#8221;:&#8221;&#8221;,&#8221;css_classes&#8221;:&#8221;&#8221;,&#8221;custom_css_classes&#8221;:&#8221;&#8221;,&#8221;custom_css_styles&#8221;:&#8221;&#8221;,&#8221;section_content&#8221;:[{&#8220;component&#8221;:&#8221;hc_column&#8221;,&#8221;id&#8221;:&#8221;column_BZcF6&#8243;,&#8221;column_width&#8221;:&#8221;col-md-6&#8243;,&#8221;animation&#8221;:&#8221;&#8221;,&#8221;animation_time&#8221;:&#8221;&#8221;,&#8221;timeline_animation&#8221;:&#8221;&#8221;,&#8221;timeline_delay&#8221;:&#8221;&#8221;,&#8221;timeline_order&#8221;:&#8221;&#8221;,&#8221;css_classes&#8221;:&#8221;&#8221;,&#8221;custom_css_classes&#8221;:&#8221;&#8221;,&#8221;custom_css_styles&#8221;:&#8221;&#8221;,&#8221;main_content&#8221;:[{&#8220;component&#8221;:&#8221;hc_text_block&#8221;,&#8221;id&#8221;:&#8221;cmrOC&#8221;,&#8221;css_classes&#8221;:&#8221;&#8221;,&#8221;custom_css_classes&#8221;:&#8221;&#8221;,&#8221;custom_css_styles&#8221;:&#8221;&#8221;,&#8221;content&#8221;:&#8221;Podbrdo is an urbanized village in the narrow bottom of the upper Ba\u0161ka Grapa, next to the Jesenice &#8211; Nova Gorica railway line and the road from Bohinjska Bistrica or \u017delezniki via Petrovi Brdo to Most na So\u010da in the municipality of [&hellip;]","og_url":"https:\/\/www.ptrf.si\/en\/podbrdo\/","og_site_name":"Podbrdo Trail Running Festival","article_publisher":"https:\/\/www.facebook.com\/PodbrdoTrail","article_modified_time":"2023-03-20T07:52:12+00:00","og_image":[{"width":1200,"height":675,"url":"https:\/\/www.ptrf.si\/wp-content\/uploads\/2024\/01\/WWW_naslovna_1200x675-1.png","type":"image\/png"}],"twitter_card":"summary_large_image","twitter_misc":{"Est. reading time":"3 minutes"},"schema":{"@context":"https:\/\/schema.org","@graph":[{"@type":"WebPage","@id":"https:\/\/www.ptrf.si\/en\/podbrdo\/","url":"https:\/\/www.ptrf.si\/en\/podbrdo\/","name":"Podbrdo - Podbrdo Trail Running Festival","isPartOf":{"@id":"https:\/\/www.ptrf.si\/en\/#website"},"datePublished":"2019-04-26T13:11:12+00:00","dateModified":"2023-03-20T07:52:12+00:00","breadcrumb":{"@id":"https:\/\/www.ptrf.si\/en\/podbrdo\/#breadcrumb"},"inLanguage":"en-US","potentialAction":[{"@type":"ReadAction","target":["https:\/\/www.ptrf.si\/en\/podbrdo\/"]}]},{"@type":"BreadcrumbList","@id":"https:\/\/www.ptrf.si\/en\/podbrdo\/#breadcrumb","itemListElement":[{"@type":"ListItem","position":1,"name":"Domov","item":"https:\/\/www.ptrf.si\/en\/"},{"@type":"ListItem","position":2,"name":"Podbrdo"}]},{"@type":"WebSite","@id":"https:\/\/www.ptrf.si\/en\/#website","url":"https:\/\/www.ptrf.si\/en\/","name":"Podbrdo Trail Running Festival","description":"Podbrdo - Slovenija","publisher":{"@id":"https:\/\/www.ptrf.si\/en\/#organization"},"alternateName":"PTRF","potentialAction":[{"@type":"SearchAction","target":{"@type":"EntryPoint","urlTemplate":"https:\/\/www.ptrf.si\/en\/?s={search_term_string}"},"query-input":{"@type":"PropertyValueSpecification","valueRequired":true,"valueName":"search_term_string"}}],"inLanguage":"en-US"},{"@type":"Organization","@id":"https:\/\/www.ptrf.si\/en\/#organization","name":"Podbrdo Trail Running Festival","alternateName":"PTRF","url":"https:\/\/www.ptrf.si\/en\/","logo":{"@type":"ImageObject","inLanguage":"en-US","@id":"https:\/\/www.ptrf.si\/en\/#\/schema\/logo\/image\/","url":"https:\/\/www.ptrf.si\/wp-content\/uploads\/2023\/01\/front_nagovor.jpg","contentUrl":"https:\/\/www.ptrf.si\/wp-content\/uploads\/2023\/01\/front_nagovor.jpg","width":1600,"height":1380,"caption":"Podbrdo Trail Running Festival"},"image":{"@id":"https:\/\/www.ptrf.si\/en\/#\/schema\/logo\/image\/"},"sameAs":["https:\/\/www.facebook.com\/PodbrdoTrail","https:\/\/www.instagram.com\/podbrdotrail\/?hl=en"]}]}},"_links":{"self":[{"href":"https:\/\/www.ptrf.si\/en\/wp-json\/wp\/v2\/pages\/990103492","targetHints":{"allow":["GET"]}}],"collection":[{"href":"https:\/\/www.ptrf.si\/en\/wp-json\/wp\/v2\/pages"}],"about":[{"href":"https:\/\/www.ptrf.si\/en\/wp-json\/wp\/v2\/types\/page"}],"author":[{"embeddable":true,"href":"https:\/\/www.ptrf.si\/en\/wp-json\/wp\/v2\/users\/1"}],"replies":[{"embeddable":true,"href":"https:\/\/www.ptrf.si\/en\/wp-json\/wp\/v2\/comments?post=990103492"}],"version-history":[{"count":2,"href":"https:\/\/www.ptrf.si\/en\/wp-json\/wp\/v2\/pages\/990103492\/revisions"}],"predecessor-version":[{"id":990103621,"href":"https:\/\/www.ptrf.si\/en\/wp-json\/wp\/v2\/pages\/990103492\/revisions\/990103621"}],"wp:attachment":[{"href":"https:\/\/www.ptrf.si\/en\/wp-json\/wp\/v2\/media?parent=990103492"}],"curies":[{"name":"wp","href":"https:\/\/api.w.org\/{rel}","templated":true}]}}